{"id":29,"date":"2026-03-12T23:16:46","date_gmt":"2026-03-12T22:16:46","guid":{"rendered":"https:\/\/www.novo.virkom.hr\/?page_id=29"},"modified":"2026-03-13T00:15:06","modified_gmt":"2026-03-12T23:15:06","slug":"odvodnja-i-prociscavanje","status":"publish","type":"page","link":"https:\/\/www.novo.virkom.hr\/?page_id=29","title":{"rendered":"Odvodnja i pro\u010di\u0161\u0107avanje"},"content":{"rendered":"<div id=\"tdi_1\" class=\"tdc-zone\"><div class=\"tdc_zone tdi_2  wpb_row td-pb-row\"  >\n<style scoped>\n\/* custom css - generated by TagDiv Composer *\/\n\n\/* custom css - generated by TagDiv Composer *\/\n.tdi_2{\r\n                    min-height: 0;\r\n                }\n<\/style><div id=\"tdi_3\" class=\"tdc-row stretch_row_1400 td-stretch-content\"><div class=\"vc_row tdi_4  wpb_row td-pb-row\" >\n<style scoped>\n\/* custom css - generated by TagDiv Composer *\/\n\n\/* custom css - generated by TagDiv Composer *\/\n.tdi_4,\r\n                .tdi_4 .tdc-columns{\r\n                    min-height: 0;\r\n                }.tdi_4,\r\n\t\t\t\t.tdi_4 .tdc-columns{\r\n\t\t\t\t    display: block;\r\n\t\t\t\t}.tdi_4 .tdc-columns{\r\n\t\t\t\t    width: 100%;\r\n\t\t\t\t}.tdi_4:before,\r\n\t\t\t\t.tdi_4:after{\r\n\t\t\t\t    display: table;\r\n\t\t\t\t}\n\/* inline tdc_css att - generated by TagDiv Composer *\/\n\n.tdi_4{\npadding-top:20px !important;\n--tdb-scroll-anim:none !important;\n}\n\n.tdi_4 .td_block_wrap{ text-align:left }\n\n<\/style><div class=\"vc_column tdi_6  wpb_column vc_column_container tdc-column td-pb-span12\">\n<style scoped>\n\/* custom css - generated by TagDiv Composer *\/\n\n\/* custom css - generated by TagDiv Composer *\/\n.tdi_6{\r\n                    vertical-align: baseline;\r\n                }.tdi_6 > .wpb_wrapper,\r\n\t\t\t\t.tdi_6 > .wpb_wrapper > .tdc-elements{\r\n\t\t\t\t    display: block;\r\n\t\t\t\t}.tdi_6 > .wpb_wrapper > .tdc-elements{\r\n\t\t\t\t    width: 100%;\r\n\t\t\t\t}.tdi_6 > .wpb_wrapper > .vc_row_inner{\r\n\t\t\t\t    width: auto;\r\n\t\t\t\t}.tdi_6 > .wpb_wrapper{\r\n\t\t\t\t    width: auto;\r\n\t\t\t\t    height: auto;\r\n\t\t\t\t}\n<\/style><div class=\"wpb_wrapper\" ><div class=\"td_block_wrap td_block_title tdi_7 td-pb-border-top td_block_template_18 td-fix-index\"  data-td-block-uid=\"tdi_7\" >\n<style>\n.td_block_template_18 {\r\n                padding-top: 20px;\r\n            }\r\n            .td_block_template_18.td_block_mega_menu {\r\n                padding-top: 0;\r\n            }\r\n            .td_block_template_18 .td-block-title {\r\n                font-family: var(--td_default_google_font_1, 'Open Sans', 'Open Sans Regular', sans-serif);\r\n                font-size: 55px;\r\n                font-weight: bold;\r\n                letter-spacing: -4px;\r\n                line-height: 1;\r\n                text-align: center;\r\n                overflow: hidden;\r\n                margin-bottom: 25px;\r\n                text-transform: lowercase;\r\n                margin-top: 0;\r\n            }\r\n            @media (min-width: 768px) and (max-width: 1018px) {\r\n                .td_block_template_18 .td-block-title {\r\n                    font-size: 35px;\r\n                    margin-bottom: 18px;\r\n                }\r\n            }\r\n            @media (max-width: 767px) {\r\n                .td_block_template_18 .td-block-title {\r\n                    font-size: 45px;\r\n                    margin-bottom: 18px;\r\n                }\r\n            }\r\n            .td_block_template_18 .td-block-title > span,\r\n            .td_block_template_18 .td-block-title > a {\r\n                padding: 0 20px 10px;\r\n                display: inline-block;\r\n                background: #06d3d5;\r\n                background: -webkit-linear-gradient(-68deg, #06d3d5 30%,#2a81cb 80%);\r\n                background: linear-gradient(156deg, #06d3d5 30%,#2a81cb 80%);\r\n                color: #fff;\r\n                -webkit-background-clip: text !important;\r\n                -webkit-text-fill-color: transparent;\r\n            }\r\n            @media (min-width: 768px) and (max-width: 1018px) {\r\n                .td_block_template_18 .td-block-title > span,\r\n                .td_block_template_18 .td-block-title > a {\r\n                    padding: 0 20px 4px;\r\n                }\r\n            }\r\n            @media (max-width: 767px) {\r\n                .td_block_template_18 .td-block-title > span,\r\n                .td_block_template_18 .td-block-title > a {\r\n                    padding: 2px 10px;\r\n                }\r\n            }\r\n            .td_block_template_18 .td-block-title-wrap .td-block-title .td-block-speech-bubble {\r\n                font-family: var(--td_default_google_font_1, 'Open Sans', 'Open Sans Regular', sans-serif) !important;\r\n                font-size: 12px !important;\r\n                font-weight: 600;\r\n                line-height: 1;\r\n                letter-spacing: -0.6px !important;\r\n                padding: 4px 8px;\r\n                background-color: #2a81cb;\r\n                color: #fff;\r\n                -webkit-text-fill-color: #fff;\r\n                position: absolute;\r\n                border-radius: 3px 3px 3px 0;\r\n                margin-left: 6px;\r\n                top: -4px;\r\n                text-transform: uppercase;\r\n            }\r\n            @media (min-width: 768px) and (max-width: 1018px) {\r\n                .td_block_template_18 .td-block-title .td-block-speech-bubble {\r\n                    font-size: 10px;\r\n                    padding: 3px 6px;\r\n                    border-radius: 2px 2px 2px 0;\r\n                    top: 0;\r\n                }\r\n            }\r\n            @media (max-width: 767px) {\r\n                .td_block_template_18 .td-block-title .td-block-speech-bubble {\r\n                    font-size: 10px;\r\n                    padding: 3px 6px;\r\n                    border-radius: 2px 2px 2px 0;\r\n                    top: 0;\r\n                }\r\n            }\r\n            .td_block_template_18 .td-block-title .td-block-speech-bubble:before {\r\n                content: '';\r\n                position: absolute;\r\n                top: 100%;\r\n                left: 0;\r\n                width: 0;\r\n                height: 0;\r\n                border-style: solid;\r\n                border-width: 6px 6px 0 0;\r\n                border-color: #2a81cb transparent transparent transparent;\r\n            }\r\n            .td_block_template_18 .td-block-title .td-block-subtitle {\r\n                display: table;\r\n                font-family: var(--td_default_google_font_1, 'Open Sans', 'Open Sans Regular', sans-serif);\r\n                font-size: 15px;\r\n                line-height: 1;\r\n                font-style: italic;\r\n                font-weight: normal;\r\n                letter-spacing: normal;\r\n                color: #808080;\r\n                position: relative;\r\n                margin: 2px auto;\r\n                text-transform: none;\r\n                max-width: 80%;\r\n            }\r\n            @media (max-width: 767px) {\r\n                .td_block_template_18 .td-block-title .td-block-subtitle {\r\n                    font-size: 13px;\r\n                }\r\n            }\r\n            .td_block_template_18 .td-block-title .td-block-subtitle:before,\r\n            .td_block_template_18 .td-block-title .td-block-subtitle:after {\r\n                content: '';\r\n                position: absolute;\r\n                height: 1px;\r\n                width: 1500px;\r\n                top: 3px;\r\n                bottom: 0;\r\n                background-color: #e3e3e3;\r\n            }\r\n            .td_block_template_18 .td-block-title .td-block-subtitle:before {\r\n                left: 100%;\r\n                margin: auto 0 auto 20px;\r\n            }\r\n            @media (min-width: 768px) and (max-width: 1018px) {\r\n                .td_block_template_18 .td-block-title .td-block-subtitle:before {\r\n                    margin: auto 0 auto 15px;\r\n                }\r\n            }\r\n            @media (max-width: 767px) {\r\n                .td_block_template_18 .td-block-title .td-block-subtitle:before {\r\n                    margin: auto 0 auto 10px;\r\n                }\r\n            }\r\n            .td_block_template_18 .td-block-title .td-block-subtitle:after {\r\n                right: 100%;\r\n                margin: auto 20px auto 0;\r\n            }\r\n            @media (min-width: 768px) and (max-width: 1018px) {\r\n                .td_block_template_18 .td-block-title .td-block-subtitle:after {\r\n                    margin: auto 15px auto 0;\r\n                }\r\n            }\r\n            @media (max-width: 767px) {\r\n                .td_block_template_18 .td-block-title .td-block-subtitle:after {\r\n                    margin: auto 10px auto 0;\r\n                }\r\n            }\r\n            .td_block_template_18 .td-pulldown-filter-display-option:before {\r\n                display: none;\r\n            }\r\n            \r\n            \r\n        \r\n            \r\n            .tdi_7 .td-block-title > span,\r\n            .tdi_7 .td-block-title > a {\r\n                background: #06d3d5 !important;\r\n                background: -moz-linear-gradient(-68deg, #00003a 30%, #00003a 80%) !important;\r\n                background: -webkit-linear-gradient(-68deg, #00003a 30%,#00003a 80%) !important;\r\n                background: linear-gradient(156deg, #00003a 30%,#00003a 80%) !important;\r\n                -webkit-background-clip: text !important;\r\n                -webkit-text-fill-color: transparent;\r\n            }\n<\/style>\n<style>\n\/* custom css - generated by TagDiv Composer *\/\nbody .tdi_7 .td-block-title a,\r\n\t\t\t\tbody .tdi_7 .td-block-title span{\r\n\t\t\t\t\tfont-family:Quicksand !important;font-size:40px !important;font-weight:600 !important;text-transform:none !important;letter-spacing:-1px !important;\r\n\t\t\t\t}\n<\/style><div class=\"td-block-title-wrap\"><h4 class=\"td-block-title\"><span>Odvodnja i pro\u010di\u0161\u0107avanje<\/span><\/h4><\/div><\/div><div class=\"td_block_wrap td_block_text_with_title tdi_8 tagdiv-type td-pb-border-top td_block_template_1\"  data-td-block-uid=\"tdi_8\" >\n<style>\n\/* custom css - generated by TagDiv Composer *\/\n.td_block_text_with_title{\r\n                  margin-bottom: 44px;\r\n                  -webkit-transform: translateZ(0);\r\n                  transform: translateZ(0);\r\n                }.td_block_text_with_title p:last-child{\r\n                  margin-bottom: 0;\r\n                }.tdi_8 h3{\r\n\t\t\t        font-family:Noto Sans !important;font-size:24px !important;font-weight:700 !important;\r\n\t\t        }.tdi_8 h4{\r\n\t\t\t        font-family:Noto Sans !important;font-size:20px !important;font-weight:600 !important;text-transform:none !important;\r\n\t\t        }\n<\/style><div class=\"td-block-title-wrap\"><\/div><div class=\"td_mod_wrap td-fix-index\"><ul>\n<li>Kralja Petra Kre\u0161imira IV 30<\/li>\n<li>33000 Virovitica<\/li>\n<li>IBAN: HR7323600001500017726<\/li>\n<li>rukovoditelj: Dra\u017een Golub, dipl.ing.gra\u0111. 033 725 821<\/li>\n<li>fax: 033 722 926<\/li>\n<li>gsm: 098 343 401<\/li>\n<\/ul>\n<p>U Virkom-u d.o.o. se vodi katastar zaga\u0111iva\u010da s bazom podataka o sastavu otpadnih voda korisnika odvodnog sustava. Sve otpadne vode se sustavom za njihovo prikupljanje i odvodnju dovode na centralni ure\u0111aj za biolo\u0161ko pro\u010di\u0161\u0107avanje otpadnih voda III stupnja. Pro\u010di\u0161\u0107ena voda se ispu\u0161ta u kanal Mante\u010d.\u00a0<\/p>\n<p>Ra\u010dune za javne vodne usluge mo\u017eete bez naknade pla\u0107ati na Gradskoj blagajni, na adresi Trg kralja Zvonimira 1 u Virovitici.<\/p>\n<h3>Priklju\u010dak na javnu odvodnju<\/h3>\n<ul>\n<li>Dokumentacija potrebna za priklju\u010dak na javni vodoopskrbni i odvodni sustav:<\/li>\n<li>Dva izvoda iz katastarskog plana\u00a0katastarske \u010destice\u00a0koja se priklju\u010duje na komunalnu infrastrukturu<\/li>\n<li>Izvadak iz zemlji\u0161ne knjige, ne stariji od 6 mjeseci.<\/li>\n<li>Gra\u0111evinska dozvola ili preslika podnesenog zahtjeva nadle\u017enom tijelu za dono\u0161enje rje\u0161enja o izvedenom stanju ili uvjerenje iz Katastra da je gra\u0111evina evidentiran prije 15.02.1968.<\/li>\n<li>Tro\u0161kovi izdavanja posebnih uvjeta za priklju\u010dak na javno odvodni sustav iznose 28,75 EUR .<\/li>\n<\/ul>\n<h3>Obrasci<\/h3>\n<ul>\n<li><a href=\"https:\/\/virkom.hr\/wp-content\/uploads\/ZAHT_PRIKLJ_ODVODNJA.pdf\">Obrazac Zahtjeva za priklju\u010dak na sustav javne odvodnje<\/a><\/li>\n<\/ul>\n<h3>Podru\u010dje pokrivenosti sustavom javne odvodnje<\/h3>\n<ul>\n<li>Grad Virovitica i naselja<\/li>\n<li>Po\u017eari<\/li>\n<li>\u010cemernica<\/li>\n<li>Rezovac<\/li>\n<li>Milanovac<\/li>\n<li>Golo Brdo<\/li>\n<li>Podgorje<\/li>\n<li>Sveti \u0110ura\u0111<\/li>\n<li>Korija<\/li>\n<li>Luka\u010d<\/li>\n<li>Gornje Bazje<\/li>\n<li>Suhopolje<\/li>\n<\/ul>\n<p>Duljina mre\u017ee javne odvodnje Virkoma na dan 31.12.2023. iznosi 239,1 km.<\/p>\n<\/div><\/div><\/div><\/div><\/div><\/div><\/div><\/div>","protected":false},"excerpt":{"rendered":"","protected":false},"author":1,"featured_media":0,"parent":0,"menu_order":0,"comment_status":"closed","ping_status":"closed","template":"","meta":{"footnotes":""},"class_list":["post-29","page","type-page","status-publish"],"_links":{"self":[{"href":"https:\/\/www.novo.virkom.hr\/index.php?rest_route=\/wp\/v2\/pages\/29","targetHints":{"allow":["GET"]}}],"collection":[{"href":"https:\/\/www.novo.virkom.hr\/index.php?rest_route=\/wp\/v2\/pages"}],"about":[{"href":"https:\/\/www.novo.virkom.hr\/index.php?rest_route=\/wp\/v2\/types\/page"}],"author":[{"embeddable":true,"href":"https:\/\/www.novo.virkom.hr\/index.php?rest_route=\/wp\/v2\/users\/1"}],"replies":[{"embeddable":true,"href":"https:\/\/www.novo.virkom.hr\/index.php?rest_route=%2Fwp%2Fv2%2Fcomments&post=29"}],"version-history":[{"count":3,"href":"https:\/\/www.novo.virkom.hr\/index.php?rest_route=\/wp\/v2\/pages\/29\/revisions"}],"predecessor-version":[{"id":72,"href":"https:\/\/www.novo.virkom.hr\/index.php?rest_route=\/wp\/v2\/pages\/29\/revisions\/72"}],"wp:attachment":[{"href":"https:\/\/www.novo.virkom.hr\/index.php?rest_route=%2Fwp%2Fv2%2Fmedia&parent=29"}],"curies":[{"name":"wp","href":"https:\/\/api.w.org\/{rel}","templated":true}]}}